{"id":3939,"date":"2024-02-24T13:57:30","date_gmt":"2024-02-24T13:57:30","guid":{"rendered":"https:\/\/concernedcitizens.ro\/?page_id=3939"},"modified":"2024-03-09T19:26:39","modified_gmt":"2024-03-09T19:26:39","slug":"despre-noi","status":"publish","type":"page","link":"https:\/\/concernedcitizens.ro\/?page_id=3939&lang=ro","title":{"rendered":"Despre noi"},"content":{"rendered":"\n<p>Una dintre tr\u0103s\u0103turile democra\u021biilor avansate este integritatea \u00een via\u021ba public\u0103. Integritatea \u00een via\u021ba public\u0103 implic\u0103 comportamentul institu\u021biilor \u0219i al persoanelor politice, guvernamentale \u0219i administrative, care respect\u0103 at\u00e2t cerin\u021bele legale, c\u00e2t \u0219i normele morale.<\/p>\n\n\n\n<p>Grupul nostru, denumit Cet\u0103\u021beni \u00cengrijora\u021bi (CC), a fost creat pentru a contribui prin activitatea sa la consolidarea integrit\u0103\u021bii \u00een via\u021ba public\u0103 din Rom\u00e2nia (inclusiv \u00een cadrul comunit\u0103\u021bii maghiare din Rom\u00e2nia). Ne propunem s\u0103 atingem acest obiectiv prin monitorizarea actorilor din via\u021ba public\u0103, elaborarea de proiecte, analize, rapoarte \u0219i documente strategice \u0219i politice.<\/p>\n\n\n\n<p>\u00cen activitatea noastr\u0103, ne str\u0103duim s\u0103 lu\u0103m \u00een considerare aspectele integrit\u0103\u021bii \u00een via\u021ba public\u0103.<\/p>\n\n\n\n<p>Grupul Cet\u0103\u021beni \u00cengrijora\u021bi se bazeaz\u0103 pe voluntariat, iar proiectele noastre sunt finan\u021bate din surse proprii. Suntem independen\u021bi politic \u0219i nu avem afilieri partinice.<\/p>\n","protected":false},"excerpt":{"rendered":"<p>Una dintre tr\u0103s\u0103turile democra\u021biilor avansate este integritatea \u00een via\u021ba public\u0103. Integritatea \u00een via\u021ba public\u0103 implic\u0103 comportamentul institu\u021biilor \u0219i al persoanelor politice, guvernamentale \u0219i administrative, care respect\u0103 at\u00e2t cerin\u021bele legale, c\u00e2t \u0219i normele morale. Grupul nostru, denumit Cet\u0103\u021beni \u00cengrijora\u021bi (CC), a fost creat pentru a contribui prin activitatea sa la consolidarea integrit\u0103\u021bii \u00een via\u021ba public\u0103 din [&hellip;]<\/p>\n","protected":false},"author":1,"featured_media":0,"parent":0,"menu_order":0,"comment_status":"closed","ping_status":"closed","template":"","meta":{"_uag_custom_page_level_css":"","footnotes":""},"class_list":["post-3939","page","type-page","status-publish","hentry"],"yoast_head":"<!-- This site is optimized with the Yoast SEO plugin v22.3 - https:\/\/yoast.com\/wordpress\/plugins\/seo\/ -->\n<title>Despre noi - Concerned Citizens csoport<\/title>\n<meta name=\"robots\" content=\"index, follow, max-snippet:-1, max-image-preview:large, max-video-preview:-1\" \/>\n<link rel=\"canonical\" href=\"https:\/\/concernedcitizens.ro\/?page_id=3939&lang=ro\" \/>\n<meta property=\"og:locale\" content=\"en_US\" \/>\n<meta property=\"og:type\" content=\"article\" \/>\n<meta property=\"og:title\" content=\"Despre noi - Concerned Citizens csoport\" \/>\n<meta property=\"og:description\" content=\"Una dintre tr\u0103s\u0103turile democra\u021biilor avansate este integritatea \u00een via\u021ba public\u0103. Integritatea \u00een via\u021ba public\u0103 implic\u0103 comportamentul institu\u021biilor \u0219i al persoanelor politice, guvernamentale \u0219i administrative, care respect\u0103 at\u00e2t cerin\u021bele legale, c\u00e2t \u0219i normele morale. Grupul nostru, denumit Cet\u0103\u021beni \u00cengrijora\u021bi (CC), a fost creat pentru a contribui prin activitatea sa la consolidarea integrit\u0103\u021bii \u00een via\u021ba public\u0103 din [&hellip;]\" \/>\n<meta property=\"og:url\" content=\"https:\/\/concernedcitizens.ro\/?page_id=3939&amp;lang=ro\" \/>\n<meta property=\"og:site_name\" content=\"Concerned Citizens csoport\" \/>\n<meta property=\"article:modified_time\" content=\"2024-03-09T19:26:39+00:00\" \/>\n<meta name=\"twitter:card\" content=\"summary_large_image\" \/>\n<meta name=\"twitter:label1\" content=\"Est. reading time\" \/>\n\t<meta name=\"twitter:data1\" content=\"1 minute\" \/>\n<!-- \/ Yoast SEO plugin. -->","yoast_head_json":{"title":"Despre noi - Concerned Citizens csoport","robots":{"index":"index","follow":"follow","max-snippet":"max-snippet:-1","max-image-preview":"max-image-preview:large","max-video-preview":"max-video-preview:-1"},"canonical":"https:\/\/concernedcitizens.ro\/?page_id=3939&lang=ro","og_locale":"en_US","og_type":"article","og_title":"Despre noi - Concerned Citizens csoport","og_description":"Una dintre tr\u0103s\u0103turile democra\u021biilor avansate este integritatea \u00een via\u021ba public\u0103. Integritatea \u00een via\u021ba public\u0103 implic\u0103 comportamentul institu\u021biilor \u0219i al persoanelor politice, guvernamentale \u0219i administrative, care respect\u0103 at\u00e2t cerin\u021bele legale, c\u00e2t \u0219i normele morale. Grupul nostru, denumit Cet\u0103\u021beni \u00cengrijora\u021bi (CC), a fost creat pentru a contribui prin activitatea sa la consolidarea integrit\u0103\u021bii \u00een via\u021ba public\u0103 din [&hellip;]","og_url":"https:\/\/concernedcitizens.ro\/?page_id=3939&lang=ro","og_site_name":"Concerned Citizens csoport","article_modified_time":"2024-03-09T19:26:39+00:00","twitter_card":"summary_large_image","twitter_misc":{"Est. reading time":"1 minute"},"schema":{"@context":"https:\/\/schema.org","@graph":[{"@type":"WebPage","@id":"https:\/\/concernedcitizens.ro\/?page_id=3939&lang=ro","url":"https:\/\/concernedcitizens.ro\/?page_id=3939&lang=ro","name":"Despre noi - Concerned Citizens csoport","isPartOf":{"@id":"https:\/\/concernedcitizens.ro\/#website"},"datePublished":"2024-02-24T13:57:30+00:00","dateModified":"2024-03-09T19:26:39+00:00","breadcrumb":{"@id":"https:\/\/concernedcitizens.ro\/?page_id=3939&lang=ro#breadcrumb"},"inLanguage":"en-US","potentialAction":[{"@type":"ReadAction","target":["https:\/\/concernedcitizens.ro\/?page_id=3939&lang=ro"]}]},{"@type":"BreadcrumbList","@id":"https:\/\/concernedcitizens.ro\/?page_id=3939&lang=ro#breadcrumb","itemListElement":[{"@type":"ListItem","position":1,"name":"Home","item":"https:\/\/concernedcitizens.ro\/"},{"@type":"ListItem","position":2,"name":"Despre noi"}]},{"@type":"WebSite","@id":"https:\/\/concernedcitizens.ro\/#website","url":"https:\/\/concernedcitizens.ro\/","name":"Concerned Citizens csoport","description":"","publisher":{"@id":"https:\/\/concernedcitizens.ro\/#organization"},"potentialAction":[{"@type":"SearchAction","target":{"@type":"EntryPoint","urlTemplate":"https:\/\/concernedcitizens.ro\/?s={search_term_string}"},"query-input":"required name=search_term_string"}],"inLanguage":"en-US"},{"@type":"Organization","@id":"https:\/\/concernedcitizens.ro\/#organization","name":"Concerned Citizens csoport","url":"https:\/\/concernedcitizens.ro\/","logo":{"@type":"ImageObject","inLanguage":"en-US","@id":"https:\/\/concernedcitizens.ro\/#\/schema\/logo\/image\/","url":"https:\/\/concernedcitizens.ro\/wp-content\/uploads\/2024\/02\/concerned_citizens-1.webp","contentUrl":"https:\/\/concernedcitizens.ro\/wp-content\/uploads\/2024\/02\/concerned_citizens-1.webp","width":589,"height":616,"caption":"Concerned Citizens csoport"},"image":{"@id":"https:\/\/concernedcitizens.ro\/#\/schema\/logo\/image\/"}}]}},"uagb_featured_image_src":{"full":false,"thumbnail":false,"medium":false,"medium_large":false,"large":false,"1536x1536":false,"2048x2048":false},"uagb_author_info":{"display_name":"Concerned Citizens","author_link":"https:\/\/concernedcitizens.ro\/?author=1"},"uagb_comment_info":0,"uagb_excerpt":"Una dintre tr\u0103s\u0103turile democra\u021biilor avansate este integritatea \u00een via\u021ba public\u0103. Integritatea \u00een via\u021ba public\u0103 implic\u0103 comportamentul institu\u021biilor \u0219i al persoanelor politice, guvernamentale \u0219i administrative, care respect\u0103 at\u00e2t cerin\u021bele legale, c\u00e2t \u0219i normele morale. Grupul nostru, denumit Cet\u0103\u021beni \u00cengrijora\u021bi (CC), a fost creat pentru a contribui prin activitatea sa la consolidarea integrit\u0103\u021bii \u00een via\u021ba public\u0103 din&hellip;","_links":{"self":[{"href":"https:\/\/concernedcitizens.ro\/index.php?rest_route=\/wp\/v2\/pages\/3939","targetHints":{"allow":["GET"]}}],"collection":[{"href":"https:\/\/concernedcitizens.ro\/index.php?rest_route=\/wp\/v2\/pages"}],"about":[{"href":"https:\/\/concernedcitizens.ro\/index.php?rest_route=\/wp\/v2\/types\/page"}],"author":[{"embeddable":true,"href":"https:\/\/concernedcitizens.ro\/index.php?rest_route=\/wp\/v2\/users\/1"}],"replies":[{"embeddable":true,"href":"https:\/\/concernedcitizens.ro\/index.php?rest_route=%2Fwp%2Fv2%2Fcomments&post=3939"}],"version-history":[{"count":3,"href":"https:\/\/concernedcitizens.ro\/index.php?rest_route=\/wp\/v2\/pages\/3939\/revisions"}],"predecessor-version":[{"id":4160,"href":"https:\/\/concernedcitizens.ro\/index.php?rest_route=\/wp\/v2\/pages\/3939\/revisions\/4160"}],"wp:attachment":[{"href":"https:\/\/concernedcitizens.ro\/index.php?rest_route=%2Fwp%2Fv2%2Fmedia&parent=3939"}],"curies":[{"name":"wp","href":"https:\/\/api.w.org\/{rel}","templated":true}]}}