{"id":3929,"date":"2024-02-24T09:59:42","date_gmt":"2024-02-24T09:59:42","guid":{"rendered":"https:\/\/concernedcitizens.ro\/?page_id=3929"},"modified":"2024-03-13T19:26:43","modified_gmt":"2024-03-13T19:26:43","slug":"projectul-sistem-democratic-monopatid","status":"publish","type":"page","link":"https:\/\/concernedcitizens.ro\/?page_id=3929&lang=ro","title":{"rendered":"Programul &#8220;Sistem Monopartid Democratic&#8221;"},"content":{"rendered":"\n<p>Democratizarea, consolidarea \u0219i dezvoltarea unei comunit\u0103\u021bi sunt influen\u021bate \u00een mare m\u0103sur\u0103 de elita politic\u0103 a acelei comunit\u0103\u021bi. \u00cen ultimii peste 30 de ani, liderii politici ai comunit\u0103\u021bii maghiare din Rom\u00e2nia au creat o re\u021bea centralizat\u0103 \u0219i autoritar\u0103, supun\u00e2nd membrii comunit\u0103\u021bii unui control al forma\u021biunii politice care nu poate fi considerat democratic.<\/p>\n\n\n\n<p>Elita politic\u0103 a comunit\u0103\u021bii maghiare din Rom\u00e2nia este o entitate care navigheaz\u0103 \u00eentre o organiza\u021bie civic\u0103 \u0219i un partid politic, cunoscut\u0103 sub numele de Uniunea Democrat\u0103 Maghiar\u0103 din Rom\u00e2nia\/UDMR. De\u0219i ONG-ul \/ partidul politic UDMR a fost creat pentru a reprezenta interesele comunit\u0103\u021bii maghiare din Rom\u00e2nia \u0219i pentru a consolida politic \u0219i economic aceast\u0103 comunitate, devine din ce \u00een ce mai clar c\u0103 forma\u021biunea politic\u0103 UDMR lucreaz\u0103 pentru consolidarea propriei pozi\u021bii de monopol, \u00een timp ce comunitatea maghiar\u0103 din Rom\u00e2nia se confrunt\u0103 cu asimilare \u0219i marginalizare.<\/p>\n\n\n\n<p>\u00cenaintea ader\u0103rii Rom\u00e2niei la Uniunea European\u0103, datorit\u0103 lobby-ului intens al Consiliului Europei \u0219i angajamentului euro-atlantic al \u021b\u0103rii, drepturile minorit\u0103\u021bilor na\u021bionale din Rom\u00e2nia (inclusiv drepturile lingvistice, educa\u021bionale, autonomia local\u0103 \u0219i reprezentarea parlamentar\u0103) au cunoscut o dezvoltare semnificativ\u0103. Cu toate acestea, de\u0219i s-au adoptat numeroase legi care includ criteriile minoritare, aplicarea lor r\u0103m\u00e2ne o chestiune intern\u0103 \u00een Rom\u00e2nia, cu UDMR care joac\u0103 un rol politic activ \u0219i prioritar \u00een acest proces.<\/p>\n\n\n\n<p>De\u0219i UDMR a sus\u021binut c\u0103 dezvoltarea economic\u0103 este prioritar\u0103, nu doar drepturile minoritare, rezultatele eviden\u021biaz\u0103 c\u0103 nici acestea, nici dezvoltarea economic\u0103 nu au \u00eenregistrat progrese semnificative \u00een societatea maghiar\u0103 din Rom\u00e2nia. \u00cen acela\u0219i timp, prezen\u021ba parlamentar\u0103 \u0219i local\u0103 UDMR este puternic\u0103, beneficiind de resurse financiare destinate exclusiv comunit\u0103\u021bii maghiare din Rom\u00e2nia de c\u0103tre statul rom\u00e2n. UDMR exercit\u0103 un control considerabil \u00een mass-media de stat, manipuleaz\u0103 actorii economici \u0219i opereaz\u0103 cu principiul &#8220;cine nu este cu noi, este \u00eempotriva noastr\u0103&#8221;. Aceste ac\u021biuni ridic\u0103 \u00eentreb\u0103ri cu privire la consolidarea proceselor democratice \u00een Rom\u00e2nia \u0219i \u00een comunitatea maghiar\u0103 din \u021bar\u0103.<\/p>\n\n\n\n<p>Scopul programului nostru este s\u0103 monitoriz\u0103m activitatea UDMR \u00een consiliile locale, parlament, Parlamentul European, consiliile jude\u021bene \u0219i \u00een toate institu\u021biile \u00een care oficialii UDMR \u0219i ale\u0219ii locali ocup\u0103 func\u021bii. Vom evalua transparen\u021ba \u0219i procesele decizionale democratice, aplicarea drepturilor minoritare (\u00een special a drepturilor lingvistice \u0219i educa\u021bionale) \u0219i vom monitoriza activitatea membrilor delega\u021bi de UDMR \u00een diverse institu\u021bii de stat.<\/p>\n\n\n\n<p>\u00cen cadrul programului &#8220;Sistem monopartid democratic&#8221;, \u00een anul electoral din 2024, vom lansa proiectul &#8220;Guvernare Responsabil\u0103&#8221; pentru a consolida guvernarea democratic\u0103 \u00een r\u00e2ndul comunit\u0103\u021bii maghiare din Rom\u00e2nia. Ne propunem s\u0103 investig\u0103m c\u00e2t de mult reprezentan\u021bii ale\u0219i se identific\u0103 cu valorile democratice, c\u00e2t de importante sunt pentru ei drepturile comunit\u0103\u021bii lor \u0219i c\u00e2t de bine le-au reprezentat acestea \u00een ultimii patru ani.<\/p>\n","protected":false},"excerpt":{"rendered":"<p>Democratizarea, consolidarea \u0219i dezvoltarea unei comunit\u0103\u021bi sunt influen\u021bate \u00een mare m\u0103sur\u0103 de elita politic\u0103 a acelei comunit\u0103\u021bi. \u00cen ultimii peste 30 de ani, liderii politici ai comunit\u0103\u021bii maghiare din Rom\u00e2nia au creat o re\u021bea centralizat\u0103 \u0219i autoritar\u0103, supun\u00e2nd membrii comunit\u0103\u021bii unui control al forma\u021biunii politice care nu poate fi considerat democratic. Elita politic\u0103 a comunit\u0103\u021bii [&hellip;]<\/p>\n","protected":false},"author":1,"featured_media":0,"parent":0,"menu_order":0,"comment_status":"closed","ping_status":"closed","template":"","meta":{"_uag_custom_page_level_css":"","footnotes":""},"class_list":["post-3929","page","type-page","status-publish","hentry"],"yoast_head":"<!-- This site is optimized with the Yoast SEO plugin v22.3 - https:\/\/yoast.com\/wordpress\/plugins\/seo\/ -->\n<title>Programul &quot;Sistem Monopartid Democratic&quot; - Concerned Citizens csoport<\/title>\n<meta name=\"robots\" content=\"index, follow, max-snippet:-1, max-image-preview:large, max-video-preview:-1\" \/>\n<link rel=\"canonical\" href=\"https:\/\/concernedcitizens.ro\/?page_id=3929&lang=ro\" \/>\n<meta property=\"og:locale\" content=\"en_US\" \/>\n<meta property=\"og:type\" content=\"article\" \/>\n<meta property=\"og:title\" content=\"Programul &quot;Sistem Monopartid Democratic&quot; - Concerned Citizens csoport\" \/>\n<meta property=\"og:description\" content=\"Democratizarea, consolidarea \u0219i dezvoltarea unei comunit\u0103\u021bi sunt influen\u021bate \u00een mare m\u0103sur\u0103 de elita politic\u0103 a acelei comunit\u0103\u021bi. \u00cen ultimii peste 30 de ani, liderii politici ai comunit\u0103\u021bii maghiare din Rom\u00e2nia au creat o re\u021bea centralizat\u0103 \u0219i autoritar\u0103, supun\u00e2nd membrii comunit\u0103\u021bii unui control al forma\u021biunii politice care nu poate fi considerat democratic. Elita politic\u0103 a comunit\u0103\u021bii [&hellip;]\" \/>\n<meta property=\"og:url\" content=\"https:\/\/concernedcitizens.ro\/?page_id=3929&amp;lang=ro\" \/>\n<meta property=\"og:site_name\" content=\"Concerned Citizens csoport\" \/>\n<meta property=\"article:modified_time\" content=\"2024-03-13T19:26:43+00:00\" \/>\n<meta name=\"twitter:card\" content=\"summary_large_image\" \/>\n<meta name=\"twitter:label1\" content=\"Est. reading time\" \/>\n\t<meta name=\"twitter:data1\" content=\"2 minutes\" \/>\n<!-- \/ Yoast SEO plugin. -->","yoast_head_json":{"title":"Programul \"Sistem Monopartid Democratic\" - Concerned Citizens csoport","robots":{"index":"index","follow":"follow","max-snippet":"max-snippet:-1","max-image-preview":"max-image-preview:large","max-video-preview":"max-video-preview:-1"},"canonical":"https:\/\/concernedcitizens.ro\/?page_id=3929&lang=ro","og_locale":"en_US","og_type":"article","og_title":"Programul \"Sistem Monopartid Democratic\" - Concerned Citizens csoport","og_description":"Democratizarea, consolidarea \u0219i dezvoltarea unei comunit\u0103\u021bi sunt influen\u021bate \u00een mare m\u0103sur\u0103 de elita politic\u0103 a acelei comunit\u0103\u021bi. \u00cen ultimii peste 30 de ani, liderii politici ai comunit\u0103\u021bii maghiare din Rom\u00e2nia au creat o re\u021bea centralizat\u0103 \u0219i autoritar\u0103, supun\u00e2nd membrii comunit\u0103\u021bii unui control al forma\u021biunii politice care nu poate fi considerat democratic. Elita politic\u0103 a comunit\u0103\u021bii [&hellip;]","og_url":"https:\/\/concernedcitizens.ro\/?page_id=3929&lang=ro","og_site_name":"Concerned Citizens csoport","article_modified_time":"2024-03-13T19:26:43+00:00","twitter_card":"summary_large_image","twitter_misc":{"Est. reading time":"2 minutes"},"schema":{"@context":"https:\/\/schema.org","@graph":[{"@type":"WebPage","@id":"https:\/\/concernedcitizens.ro\/?page_id=3929&lang=ro","url":"https:\/\/concernedcitizens.ro\/?page_id=3929&lang=ro","name":"Programul \"Sistem Monopartid Democratic\" - Concerned Citizens csoport","isPartOf":{"@id":"https:\/\/concernedcitizens.ro\/#website"},"datePublished":"2024-02-24T09:59:42+00:00","dateModified":"2024-03-13T19:26:43+00:00","breadcrumb":{"@id":"https:\/\/concernedcitizens.ro\/?page_id=3929&lang=ro#breadcrumb"},"inLanguage":"en-US","potentialAction":[{"@type":"ReadAction","target":["https:\/\/concernedcitizens.ro\/?page_id=3929&lang=ro"]}]},{"@type":"BreadcrumbList","@id":"https:\/\/concernedcitizens.ro\/?page_id=3929&lang=ro#breadcrumb","itemListElement":[{"@type":"ListItem","position":1,"name":"Home","item":"https:\/\/concernedcitizens.ro\/"},{"@type":"ListItem","position":2,"name":"Programul &#8220;Sistem Monopartid Democratic&#8221;"}]},{"@type":"WebSite","@id":"https:\/\/concernedcitizens.ro\/#website","url":"https:\/\/concernedcitizens.ro\/","name":"Concerned Citizens csoport","description":"","publisher":{"@id":"https:\/\/concernedcitizens.ro\/#organization"},"potentialAction":[{"@type":"SearchAction","target":{"@type":"EntryPoint","urlTemplate":"https:\/\/concernedcitizens.ro\/?s={search_term_string}"},"query-input":"required name=search_term_string"}],"inLanguage":"en-US"},{"@type":"Organization","@id":"https:\/\/concernedcitizens.ro\/#organization","name":"Concerned Citizens csoport","url":"https:\/\/concernedcitizens.ro\/","logo":{"@type":"ImageObject","inLanguage":"en-US","@id":"https:\/\/concernedcitizens.ro\/#\/schema\/logo\/image\/","url":"https:\/\/concernedcitizens.ro\/wp-content\/uploads\/2024\/02\/concerned_citizens-1.webp","contentUrl":"https:\/\/concernedcitizens.ro\/wp-content\/uploads\/2024\/02\/concerned_citizens-1.webp","width":589,"height":616,"caption":"Concerned Citizens csoport"},"image":{"@id":"https:\/\/concernedcitizens.ro\/#\/schema\/logo\/image\/"}}]}},"uagb_featured_image_src":{"full":false,"thumbnail":false,"medium":false,"medium_large":false,"large":false,"1536x1536":false,"2048x2048":false},"uagb_author_info":{"display_name":"Concerned Citizens","author_link":"https:\/\/concernedcitizens.ro\/?author=1"},"uagb_comment_info":0,"uagb_excerpt":"Democratizarea, consolidarea \u0219i dezvoltarea unei comunit\u0103\u021bi sunt influen\u021bate \u00een mare m\u0103sur\u0103 de elita politic\u0103 a acelei comunit\u0103\u021bi. \u00cen ultimii peste 30 de ani, liderii politici ai comunit\u0103\u021bii maghiare din Rom\u00e2nia au creat o re\u021bea centralizat\u0103 \u0219i autoritar\u0103, supun\u00e2nd membrii comunit\u0103\u021bii unui control al forma\u021biunii politice care nu poate fi considerat democratic. Elita politic\u0103 a comunit\u0103\u021bii&hellip;","_links":{"self":[{"href":"https:\/\/concernedcitizens.ro\/index.php?rest_route=\/wp\/v2\/pages\/3929","targetHints":{"allow":["GET"]}}],"collection":[{"href":"https:\/\/concernedcitizens.ro\/index.php?rest_route=\/wp\/v2\/pages"}],"about":[{"href":"https:\/\/concernedcitizens.ro\/index.php?rest_route=\/wp\/v2\/types\/page"}],"author":[{"embeddable":true,"href":"https:\/\/concernedcitizens.ro\/index.php?rest_route=\/wp\/v2\/users\/1"}],"replies":[{"embeddable":true,"href":"https:\/\/concernedcitizens.ro\/index.php?rest_route=%2Fwp%2Fv2%2Fcomments&post=3929"}],"version-history":[{"count":5,"href":"https:\/\/concernedcitizens.ro\/index.php?rest_route=\/wp\/v2\/pages\/3929\/revisions"}],"predecessor-version":[{"id":5712,"href":"https:\/\/concernedcitizens.ro\/index.php?rest_route=\/wp\/v2\/pages\/3929\/revisions\/5712"}],"wp:attachment":[{"href":"https:\/\/concernedcitizens.ro\/index.php?rest_route=%2Fwp%2Fv2%2Fmedia&parent=3929"}],"curies":[{"name":"wp","href":"https:\/\/api.w.org\/{rel}","templated":true}]}}