{"id":3920,"date":"2024-02-24T09:41:17","date_gmt":"2024-02-24T09:41:17","guid":{"rendered":"https:\/\/concernedcitizens.ro\/?page_id=3920"},"modified":"2024-03-03T19:40:09","modified_gmt":"2024-03-03T19:40:09","slug":"sistem-monopartid-democratic","status":"publish","type":"page","link":"https:\/\/concernedcitizens.ro\/?page_id=3920&lang=ro","title":{"rendered":"Sistem democratic monopartid"},"content":{"rendered":"\n<div class=\"wp-block-query is-layout-flow wp-block-query-is-layout-flow\"><ul class=\"wp-block-post-template is-layout-flow wp-block-post-template-is-layout-flow\"><li class=\"wp-block-post post-4032 post type-post status-publish format-standard hentry category-sistem-democratic-monopartid category-tk-ro\">\n<h2 class=\"wp-block-post-title\"><a href=\"https:\/\/concernedcitizens.ro\/?p=4032&#038;lang=ro\" target=\"_self\" >Guvernare local\u0103 responsabil\u0103<\/a><\/h2>\n\n\n\n<div class=\"wp-block-post-excerpt\"><p class=\"wp-block-post-excerpt__excerpt\">2024 este un an de importan\u021b\u0103 major\u0103, marc\u00e2nd alegerile locale, parlamentare, pentru Parlamentul European \u0219i preziden\u021bialele. \u00cen ultimii patru ani, am fost martorii unor schimb\u0103ri structurale \u0219i de mentalitate, iar accentuarea schimb\u0103rilor climatice a devenit evident\u0103, cu efectele sale integrate \u00een via\u021ba noastr\u0103 de zi cu zi. Viitorul genera\u021biilor urm\u0103toare este influen\u021bat de deciziile liderilor&hellip; <\/p><\/div>\n\n\n<hr class=\"wp-block-separator has-css-opacity\"\/>\n\n\n<div class=\"wp-block-post-date\"><time datetime=\"2024-03-03T18:09:53+00:00\">March 3, 2024<\/time><\/div>\n<\/li><li class=\"wp-block-post post-3960 post type-post status-publish format-standard hentry category-sistem-democratic-monopartid category-tk-ro\">\n<h2 class=\"wp-block-post-title\"><a href=\"https:\/\/concernedcitizens.ro\/?p=3960&#038;lang=ro\" target=\"_self\" >Comunicat de pres\u0103 &#8211; campania &#8220;multietnic\u0103&#8221; a lui Marcel Ciolacu<\/a><\/h2>\n\n\n\n<div class=\"wp-block-post-excerpt\"><p class=\"wp-block-post-excerpt__excerpt\">Grupul civic Concerned Citizens a fost \u00eenfiin\u021bat \u00een decembrie 2023 cu scopul de a contribui activ la consolidarea transparen\u021bei \u0219i integrit\u0103\u021bii vie\u021bii publice \u00een Rom\u00e2nia, inclusiv \u00een comunitatea maghiar\u0103 din Rom\u00e2nia. Desf\u0103\u0219ur\u0103m activit\u0103\u021bi \u00een domenii strategice pentru dezvoltarea democra\u021biei, monitoriz\u00e2nd \u0219i analiz\u00e2nd activitatea partidelor politice, a societ\u0103\u021bii civile \u0219i a mass-media. Scopul proiectelor noastre este&hellip; <\/p><\/div>\n\n\n<hr class=\"wp-block-separator has-css-opacity\"\/>\n\n\n<div class=\"wp-block-post-date\"><time datetime=\"2024-02-28T18:34:34+00:00\">February 28, 2024<\/time><\/div>\n<\/li><\/ul><\/div>\n","protected":false},"excerpt":{"rendered":"","protected":false},"author":1,"featured_media":0,"parent":0,"menu_order":0,"comment_status":"closed","ping_status":"closed","template":"page-no-title","meta":{"_uag_custom_page_level_css":"","footnotes":""},"class_list":["post-3920","page","type-page","status-publish","hentry"],"yoast_head":"<!-- This site is optimized with the Yoast SEO plugin v22.3 - https:\/\/yoast.com\/wordpress\/plugins\/seo\/ -->\n<title>Sistem democratic monopartid - Concerned Citizens csoport<\/title>\n<meta name=\"robots\" content=\"index, follow, max-snippet:-1, max-image-preview:large, max-video-preview:-1\" \/>\n<link rel=\"canonical\" href=\"https:\/\/concernedcitizens.ro\/?page_id=3920&lang=ro\" \/>\n<meta property=\"og:locale\" content=\"en_US\" \/>\n<meta property=\"og:type\" content=\"article\" \/>\n<meta property=\"og:title\" content=\"Sistem democratic monopartid - Concerned Citizens csoport\" \/>\n<meta property=\"og:url\" content=\"https:\/\/concernedcitizens.ro\/?page_id=3920&amp;lang=ro\" \/>\n<meta property=\"og:site_name\" content=\"Concerned Citizens csoport\" \/>\n<meta property=\"article:modified_time\" content=\"2024-03-03T19:40:09+00:00\" \/>\n<meta name=\"twitter:card\" content=\"summary_large_image\" \/>\n<!-- \/ Yoast SEO plugin. -->","yoast_head_json":{"title":"Sistem democratic monopartid - Concerned Citizens csoport","robots":{"index":"index","follow":"follow","max-snippet":"max-snippet:-1","max-image-preview":"max-image-preview:large","max-video-preview":"max-video-preview:-1"},"canonical":"https:\/\/concernedcitizens.ro\/?page_id=3920&lang=ro","og_locale":"en_US","og_type":"article","og_title":"Sistem democratic monopartid - Concerned Citizens csoport","og_url":"https:\/\/concernedcitizens.ro\/?page_id=3920&lang=ro","og_site_name":"Concerned Citizens csoport","article_modified_time":"2024-03-03T19:40:09+00:00","twitter_card":"summary_large_image","schema":{"@context":"https:\/\/schema.org","@graph":[{"@type":"WebPage","@id":"https:\/\/concernedcitizens.ro\/?page_id=3920&lang=ro","url":"https:\/\/concernedcitizens.ro\/?page_id=3920&lang=ro","name":"Sistem democratic monopartid - Concerned Citizens csoport","isPartOf":{"@id":"https:\/\/concernedcitizens.ro\/#website"},"datePublished":"2024-02-24T09:41:17+00:00","dateModified":"2024-03-03T19:40:09+00:00","breadcrumb":{"@id":"https:\/\/concernedcitizens.ro\/?page_id=3920&lang=ro#breadcrumb"},"inLanguage":"en-US","potentialAction":[{"@type":"ReadAction","target":["https:\/\/concernedcitizens.ro\/?page_id=3920&lang=ro"]}]},{"@type":"BreadcrumbList","@id":"https:\/\/concernedcitizens.ro\/?page_id=3920&lang=ro#breadcrumb","itemListElement":[{"@type":"ListItem","position":1,"name":"Home","item":"https:\/\/concernedcitizens.ro\/"},{"@type":"ListItem","position":2,"name":"Sistem democratic monopartid"}]},{"@type":"WebSite","@id":"https:\/\/concernedcitizens.ro\/#website","url":"https:\/\/concernedcitizens.ro\/","name":"Concerned Citizens csoport","description":"","publisher":{"@id":"https:\/\/concernedcitizens.ro\/#organization"},"potentialAction":[{"@type":"SearchAction","target":{"@type":"EntryPoint","urlTemplate":"https:\/\/concernedcitizens.ro\/?s={search_term_string}"},"query-input":"required name=search_term_string"}],"inLanguage":"en-US"},{"@type":"Organization","@id":"https:\/\/concernedcitizens.ro\/#organization","name":"Concerned Citizens csoport","url":"https:\/\/concernedcitizens.ro\/","logo":{"@type":"ImageObject","inLanguage":"en-US","@id":"https:\/\/concernedcitizens.ro\/#\/schema\/logo\/image\/","url":"https:\/\/concernedcitizens.ro\/wp-content\/uploads\/2024\/02\/concerned_citizens-1.webp","contentUrl":"https:\/\/concernedcitizens.ro\/wp-content\/uploads\/2024\/02\/concerned_citizens-1.webp","width":589,"height":616,"caption":"Concerned Citizens csoport"},"image":{"@id":"https:\/\/concernedcitizens.ro\/#\/schema\/logo\/image\/"}}]}},"uagb_featured_image_src":{"full":false,"thumbnail":false,"medium":false,"medium_large":false,"large":false,"1536x1536":false,"2048x2048":false},"uagb_author_info":{"display_name":"Concerned Citizens","author_link":"https:\/\/concernedcitizens.ro\/?author=1"},"uagb_comment_info":0,"uagb_excerpt":null,"_links":{"self":[{"href":"https:\/\/concernedcitizens.ro\/index.php?rest_route=\/wp\/v2\/pages\/3920","targetHints":{"allow":["GET"]}}],"collection":[{"href":"https:\/\/concernedcitizens.ro\/index.php?rest_route=\/wp\/v2\/pages"}],"about":[{"href":"https:\/\/concernedcitizens.ro\/index.php?rest_route=\/wp\/v2\/types\/page"}],"author":[{"embeddable":true,"href":"https:\/\/concernedcitizens.ro\/index.php?rest_route=\/wp\/v2\/users\/1"}],"replies":[{"embeddable":true,"href":"https:\/\/concernedcitizens.ro\/index.php?rest_route=%2Fwp%2Fv2%2Fcomments&post=3920"}],"version-history":[{"count":3,"href":"https:\/\/concernedcitizens.ro\/index.php?rest_route=\/wp\/v2\/pages\/3920\/revisions"}],"predecessor-version":[{"id":4077,"href":"https:\/\/concernedcitizens.ro\/index.php?rest_route=\/wp\/v2\/pages\/3920\/revisions\/4077"}],"wp:attachment":[{"href":"https:\/\/concernedcitizens.ro\/index.php?rest_route=%2Fwp%2Fv2%2Fmedia&parent=3920"}],"curies":[{"name":"wp","href":"https:\/\/api.w.org\/{rel}","templated":true}]}}