{"id":140,"date":"2024-01-07T19:50:35","date_gmt":"2024-01-07T19:50:35","guid":{"rendered":"https:\/\/concernedcitizens.ro\/?page_id=140"},"modified":"2024-03-03T18:58:36","modified_gmt":"2024-03-03T18:58:36","slug":"romaniai-magyar-regressziv-media-projekt","status":"publish","type":"page","link":"https:\/\/concernedcitizens.ro\/?page_id=140","title":{"rendered":"Rom\u00e1niai magyar regressz\u00edv m\u00e9dia"},"content":{"rendered":"\n<div class=\"wp-block-query is-layout-flow wp-block-query-is-layout-flow\"><ul class=\"wp-block-post-template is-layout-flow wp-block-post-template-is-layout-flow\"><li class=\"wp-block-post post-149 post type-post status-publish format-standard hentry category-regressziv category-tiszta-kozelet\">\n<h2 class=\"wp-block-post-title\"><a href=\"https:\/\/concernedcitizens.ro\/?p=149\" target=\"_self\" >Elemz\u00e9s \u00e9s komment\u00e1rok a &#8220;Vigy\u00e1zat, a p\u00e9nzcsapok z\u00e1rulnak&#8221; c. 2024. janu\u00e1r 4-i Transtelex cikk kapcs\u00e1n<\/a><\/h2>\n\n\n\n<div class=\"wp-block-post-excerpt\"><p class=\"wp-block-post-excerpt__excerpt\">Az elemzett cikket itt lehet el\u00e9rni, az elemz\u00e9s el\u0151tt \u00e9rdemes v\u00e9gigolvasni egyben, eredeti megjelen\u00e9s\u00e9nek hely\u00e9n. H\u00e1tt\u00e9r A rom\u00e1niai magyar m\u00e9di\u00e1ban \u00e9s a rom\u00e1niai magyar elitk\u00f6r\u00f6kben elterjedt egy jelens\u00e9g, egy olyan diskurzus, amely a rom\u00e1niai magyar k\u00f6z\u00f6ss\u00e9get, mint homog\u00e9n egys\u00e9get destrukt\u00edv kritik\u00e1val illeti. A rom\u00e1niai magyar k\u00f6z\u00f6ss\u00e9g ir\u00e1ny\u00e1ban megfogalmazott toxikus kritika mellett a m\u00e1sik gyakran \u00f3cs\u00e1rolt&hellip; <\/p><\/div>\n\n\n<hr class=\"wp-block-separator has-css-opacity\"\/>\n\n\n<div class=\"wp-block-post-date\"><time datetime=\"2024-01-12T19:46:48+00:00\">January 12, 2024<\/time><\/div>\n<\/li><\/ul><\/div>\n","protected":false},"excerpt":{"rendered":"","protected":false},"author":1,"featured_media":0,"parent":0,"menu_order":0,"comment_status":"closed","ping_status":"closed","template":"page-no-title","meta":{"_uag_custom_page_level_css":"","footnotes":""},"class_list":["post-140","page","type-page","status-publish","hentry"],"yoast_head":"<!-- This site is optimized with the Yoast SEO plugin v22.3 - https:\/\/yoast.com\/wordpress\/plugins\/seo\/ -->\n<title>Rom\u00e1niai magyar regressz\u00edv m\u00e9dia - Concerned Citizens csoport<\/title>\n<meta name=\"robots\" content=\"index, follow, max-snippet:-1, max-image-preview:large, max-video-preview:-1\" \/>\n<link rel=\"canonical\" href=\"https:\/\/concernedcitizens.ro\/?page_id=140\" \/>\n<meta property=\"og:locale\" content=\"en_US\" \/>\n<meta property=\"og:type\" content=\"article\" \/>\n<meta property=\"og:title\" content=\"Rom\u00e1niai magyar regressz\u00edv m\u00e9dia - Concerned Citizens csoport\" \/>\n<meta property=\"og:url\" content=\"https:\/\/concernedcitizens.ro\/?page_id=140\" \/>\n<meta property=\"og:site_name\" content=\"Concerned Citizens csoport\" \/>\n<meta property=\"article:modified_time\" content=\"2024-03-03T18:58:36+00:00\" \/>\n<meta name=\"twitter:card\" content=\"summary_large_image\" \/>\n<!-- \/ Yoast SEO plugin. -->","yoast_head_json":{"title":"Rom\u00e1niai magyar regressz\u00edv m\u00e9dia - Concerned Citizens csoport","robots":{"index":"index","follow":"follow","max-snippet":"max-snippet:-1","max-image-preview":"max-image-preview:large","max-video-preview":"max-video-preview:-1"},"canonical":"https:\/\/concernedcitizens.ro\/?page_id=140","og_locale":"en_US","og_type":"article","og_title":"Rom\u00e1niai magyar regressz\u00edv m\u00e9dia - Concerned Citizens csoport","og_url":"https:\/\/concernedcitizens.ro\/?page_id=140","og_site_name":"Concerned Citizens csoport","article_modified_time":"2024-03-03T18:58:36+00:00","twitter_card":"summary_large_image","schema":{"@context":"https:\/\/schema.org","@graph":[{"@type":"WebPage","@id":"https:\/\/concernedcitizens.ro\/?page_id=140","url":"https:\/\/concernedcitizens.ro\/?page_id=140","name":"Rom\u00e1niai magyar regressz\u00edv m\u00e9dia - Concerned Citizens csoport","isPartOf":{"@id":"https:\/\/concernedcitizens.ro\/#website"},"datePublished":"2024-01-07T19:50:35+00:00","dateModified":"2024-03-03T18:58:36+00:00","breadcrumb":{"@id":"https:\/\/concernedcitizens.ro\/?page_id=140#breadcrumb"},"inLanguage":"en-US","potentialAction":[{"@type":"ReadAction","target":["https:\/\/concernedcitizens.ro\/?page_id=140"]}]},{"@type":"BreadcrumbList","@id":"https:\/\/concernedcitizens.ro\/?page_id=140#breadcrumb","itemListElement":[{"@type":"ListItem","position":1,"name":"Home","item":"https:\/\/concernedcitizens.ro\/"},{"@type":"ListItem","position":2,"name":"Rom\u00e1niai magyar regressz\u00edv m\u00e9dia"}]},{"@type":"WebSite","@id":"https:\/\/concernedcitizens.ro\/#website","url":"https:\/\/concernedcitizens.ro\/","name":"Concerned Citizens csoport","description":"","publisher":{"@id":"https:\/\/concernedcitizens.ro\/#organization"},"potentialAction":[{"@type":"SearchAction","target":{"@type":"EntryPoint","urlTemplate":"https:\/\/concernedcitizens.ro\/?s={search_term_string}"},"query-input":"required name=search_term_string"}],"inLanguage":"en-US"},{"@type":"Organization","@id":"https:\/\/concernedcitizens.ro\/#organization","name":"Concerned Citizens csoport","url":"https:\/\/concernedcitizens.ro\/","logo":{"@type":"ImageObject","inLanguage":"en-US","@id":"https:\/\/concernedcitizens.ro\/#\/schema\/logo\/image\/","url":"https:\/\/concernedcitizens.ro\/wp-content\/uploads\/2024\/02\/concerned_citizens-1.webp","contentUrl":"https:\/\/concernedcitizens.ro\/wp-content\/uploads\/2024\/02\/concerned_citizens-1.webp","width":589,"height":616,"caption":"Concerned Citizens csoport"},"image":{"@id":"https:\/\/concernedcitizens.ro\/#\/schema\/logo\/image\/"}}]}},"uagb_featured_image_src":{"full":false,"thumbnail":false,"medium":false,"medium_large":false,"large":false,"1536x1536":false,"2048x2048":false},"uagb_author_info":{"display_name":"Concerned Citizens","author_link":"https:\/\/concernedcitizens.ro\/?author=1"},"uagb_comment_info":0,"uagb_excerpt":null,"_links":{"self":[{"href":"https:\/\/concernedcitizens.ro\/index.php?rest_route=\/wp\/v2\/pages\/140","targetHints":{"allow":["GET"]}}],"collection":[{"href":"https:\/\/concernedcitizens.ro\/index.php?rest_route=\/wp\/v2\/pages"}],"about":[{"href":"https:\/\/concernedcitizens.ro\/index.php?rest_route=\/wp\/v2\/types\/page"}],"author":[{"embeddable":true,"href":"https:\/\/concernedcitizens.ro\/index.php?rest_route=\/wp\/v2\/users\/1"}],"replies":[{"embeddable":true,"href":"https:\/\/concernedcitizens.ro\/index.php?rest_route=%2Fwp%2Fv2%2Fcomments&post=140"}],"version-history":[{"count":17,"href":"https:\/\/concernedcitizens.ro\/index.php?rest_route=\/wp\/v2\/pages\/140\/revisions"}],"predecessor-version":[{"id":4061,"href":"https:\/\/concernedcitizens.ro\/index.php?rest_route=\/wp\/v2\/pages\/140\/revisions\/4061"}],"wp:attachment":[{"href":"https:\/\/concernedcitizens.ro\/index.php?rest_route=%2Fwp%2Fv2%2Fmedia&parent=140"}],"curies":[{"name":"wp","href":"https:\/\/api.w.org\/{rel}","templated":true}]}}