{"id":137,"date":"2023-12-26T16:14:46","date_gmt":"2023-12-26T16:14:46","guid":{"rendered":"https:\/\/concernedcitizens.ro\/?page_id=137"},"modified":"2023-12-26T16:14:46","modified_gmt":"2023-12-26T16:14:46","slug":"rolunk","status":"publish","type":"page","link":"https:\/\/concernedcitizens.ro\/?page_id=137","title":{"rendered":"R\u00f3lunk"},"content":{"rendered":"\n<div class=\"wp-block-group rolunk has-global-padding is-layout-constrained wp-block-group-is-layout-constrained\">\n<p><em>A fejlett demokr\u00e1ci\u00e1k egyik jellemz\u0151je a tiszta k\u00f6z\u00e9let. A tiszta k\u00f6z\u00e9let a politikai, korm\u00e1nyzati, igazgat\u00e1si int\u00e9zm\u00e9nyek \u00e9s szem\u00e9lyek olyan magatart\u00e1sa (szok\u00e1sai, elj\u00e1r\u00e1sai), amelyek egyar\u00e1nt megfelelnek a jogi k\u00f6vetelm\u00e9nyeknek \u00e9s az erk\u00f6lcsi norm\u00e1knak.<\/em><\/p>\n\n\n\n<p><em>Csoportunk (Concerned Citizens, a.m. \u201cagg\u00f3d\u00f3 polg\u00e1rok\u201d, a tov\u00e1bbiakban C.C. csoportk\u00e9nt r\u00f6vid\u00edtve) az\u00e9rt j\u00f6tt l\u00e9tre, hogy tev\u00e9kenys\u00e9g\u00e9vel hozz\u00e1j\u00e1ruljon a rom\u00e1niai (ezen bel\u00fcl a rom\u00e1niai magyar) k\u00f6z\u00e9let tisztas\u00e1g\u00e1nak megszil\u00e1rdul\u00e1s\u00e1hoz. C\u00e9lkit\u0171z\u00e9seinket els\u0151sorban a k\u00f6z\u00e9leti szerepl\u0151k monitoriz\u00e1l\u00e1s\u00e1n kereszt\u00fcl, elemz\u00e9sek, jelent\u00e9sek, h\u00e1tt\u00e9ranyagok \u00f6ssze\u00e1ll\u00edt\u00e1s\u00e1val szeretn\u00e9nk el\u00e9rni.<\/em><\/p>\n\n\n\n<p><em>Elemz\u00e9seinket igyeksz\u00fcnk a tiszta k\u00f6z\u00e9let szempontjainak figyelembev\u00e9tel\u00e9vel v\u00e9gezni.<\/em><\/p>\n\n\n\n<p><em>A Concerned Citizens civil csoport tev\u00e9kenys\u00e9ge \u00f6nk\u00e9ntes alap\u00fa, projektjeinket saj\u00e1t magunk finansz\u00edrozzuk. P\u00e1rt- \u00e9s politikaf\u00fcggetlenek vagyunk.<\/em><\/p>\n\n\n\n<p><\/p>\n<\/div>\n","protected":false},"excerpt":{"rendered":"","protected":false},"author":1,"featured_media":0,"parent":0,"menu_order":0,"comment_status":"closed","ping_status":"closed","template":"","meta":{"_uag_custom_page_level_css":"","footnotes":""},"class_list":["post-137","page","type-page","status-publish","hentry"],"yoast_head":"<!-- This site is optimized with the Yoast SEO plugin v22.3 - https:\/\/yoast.com\/wordpress\/plugins\/seo\/ -->\n<title>R\u00f3lunk - Concerned Citizens csoport<\/title>\n<meta name=\"robots\" content=\"index, follow, max-snippet:-1, max-image-preview:large, max-video-preview:-1\" \/>\n<link rel=\"canonical\" href=\"https:\/\/concernedcitizens.ro\/?page_id=137\" \/>\n<meta property=\"og:locale\" content=\"en_US\" \/>\n<meta property=\"og:type\" content=\"article\" \/>\n<meta property=\"og:title\" content=\"R\u00f3lunk - Concerned Citizens csoport\" \/>\n<meta property=\"og:url\" content=\"https:\/\/concernedcitizens.ro\/?page_id=137\" \/>\n<meta property=\"og:site_name\" content=\"Concerned Citizens csoport\" \/>\n<meta name=\"twitter:card\" content=\"summary_large_image\" \/>\n<!-- \/ Yoast SEO plugin. -->","yoast_head_json":{"title":"R\u00f3lunk - Concerned Citizens csoport","robots":{"index":"index","follow":"follow","max-snippet":"max-snippet:-1","max-image-preview":"max-image-preview:large","max-video-preview":"max-video-preview:-1"},"canonical":"https:\/\/concernedcitizens.ro\/?page_id=137","og_locale":"en_US","og_type":"article","og_title":"R\u00f3lunk - Concerned Citizens csoport","og_url":"https:\/\/concernedcitizens.ro\/?page_id=137","og_site_name":"Concerned Citizens csoport","twitter_card":"summary_large_image","schema":{"@context":"https:\/\/schema.org","@graph":[{"@type":"WebPage","@id":"https:\/\/concernedcitizens.ro\/?page_id=137","url":"https:\/\/concernedcitizens.ro\/?page_id=137","name":"R\u00f3lunk - Concerned Citizens csoport","isPartOf":{"@id":"https:\/\/concernedcitizens.ro\/#website"},"datePublished":"2023-12-26T16:14:46+00:00","dateModified":"2023-12-26T16:14:46+00:00","breadcrumb":{"@id":"https:\/\/concernedcitizens.ro\/?page_id=137#breadcrumb"},"inLanguage":"en-US","potentialAction":[{"@type":"ReadAction","target":["https:\/\/concernedcitizens.ro\/?page_id=137"]}]},{"@type":"BreadcrumbList","@id":"https:\/\/concernedcitizens.ro\/?page_id=137#breadcrumb","itemListElement":[{"@type":"ListItem","position":1,"name":"Home","item":"https:\/\/concernedcitizens.ro\/"},{"@type":"ListItem","position":2,"name":"R\u00f3lunk"}]},{"@type":"WebSite","@id":"https:\/\/concernedcitizens.ro\/#website","url":"https:\/\/concernedcitizens.ro\/","name":"Concerned Citizens csoport","description":"","publisher":{"@id":"https:\/\/concernedcitizens.ro\/#organization"},"potentialAction":[{"@type":"SearchAction","target":{"@type":"EntryPoint","urlTemplate":"https:\/\/concernedcitizens.ro\/?s={search_term_string}"},"query-input":"required name=search_term_string"}],"inLanguage":"en-US"},{"@type":"Organization","@id":"https:\/\/concernedcitizens.ro\/#organization","name":"Concerned Citizens csoport","url":"https:\/\/concernedcitizens.ro\/","logo":{"@type":"ImageObject","inLanguage":"en-US","@id":"https:\/\/concernedcitizens.ro\/#\/schema\/logo\/image\/","url":"https:\/\/concernedcitizens.ro\/wp-content\/uploads\/2024\/02\/concerned_citizens-1.webp","contentUrl":"https:\/\/concernedcitizens.ro\/wp-content\/uploads\/2024\/02\/concerned_citizens-1.webp","width":589,"height":616,"caption":"Concerned Citizens csoport"},"image":{"@id":"https:\/\/concernedcitizens.ro\/#\/schema\/logo\/image\/"}}]}},"uagb_featured_image_src":{"full":false,"thumbnail":false,"medium":false,"medium_large":false,"large":false,"1536x1536":false,"2048x2048":false},"uagb_author_info":{"display_name":"Concerned Citizens","author_link":"https:\/\/concernedcitizens.ro\/?author=1"},"uagb_comment_info":0,"uagb_excerpt":null,"_links":{"self":[{"href":"https:\/\/concernedcitizens.ro\/index.php?rest_route=\/wp\/v2\/pages\/137","targetHints":{"allow":["GET"]}}],"collection":[{"href":"https:\/\/concernedcitizens.ro\/index.php?rest_route=\/wp\/v2\/pages"}],"about":[{"href":"https:\/\/concernedcitizens.ro\/index.php?rest_route=\/wp\/v2\/types\/page"}],"author":[{"embeddable":true,"href":"https:\/\/concernedcitizens.ro\/index.php?rest_route=\/wp\/v2\/users\/1"}],"replies":[{"embeddable":true,"href":"https:\/\/concernedcitizens.ro\/index.php?rest_route=%2Fwp%2Fv2%2Fcomments&post=137"}],"version-history":[{"count":1,"href":"https:\/\/concernedcitizens.ro\/index.php?rest_route=\/wp\/v2\/pages\/137\/revisions"}],"predecessor-version":[{"id":138,"href":"https:\/\/concernedcitizens.ro\/index.php?rest_route=\/wp\/v2\/pages\/137\/revisions\/138"}],"wp:attachment":[{"href":"https:\/\/concernedcitizens.ro\/index.php?rest_route=%2Fwp%2Fv2%2Fmedia&parent=137"}],"curies":[{"name":"wp","href":"https:\/\/api.w.org\/{rel}","templated":true}]}}